{"id":994,"date":"2024-08-29T15:52:04","date_gmt":"2024-08-29T15:52:04","guid":{"rendered":"https:\/\/ragakomputer.home.pl\/autoinstalator\/wordpress3\/index.php\/home-1\/"},"modified":"2026-02-21T18:12:46","modified_gmt":"2026-02-21T17:12:46","slug":"start","status":"publish","type":"page","link":"https:\/\/wnmp.zagan.pl\/","title":{"rendered":"Start"},"content":{"rendered":"<p>[vc_row][vc_column]<div  class=\"jeg_slider_wrapper jeg_slider_type_5_wrapper jnews_module__0_6a057c1d32531   \">\n                    <div class=\"jeg_slider_type_5 jeg_slider jeg_col_2o3\" data-autoplay=\"true\" data-delay=\"3000\">\n                        <div class=\"jeg_slide_item format-standard\" style=\"background-image: url(https:\/\/wnmp.zagan.pl\/wp-content\/uploads\/2024\/12\/ZagKnmp-inside016-750x375.webp)\">\n\t\t\t\t\t\n                    \n                    <div class=\"jeg_slide_caption\">\n                        <div class=\"jeg_caption_container\">\n                            <div class=\"jeg_post_category\">\n                                <a href=\"https:\/\/wnmp.zagan.pl\/index.php\/category\/gorny-baner\/\" class=\"category-gorny-baner\">G\u00f3rny baner<\/a>\n                            <\/div>\n                            <h2 class=\"jeg_post_title\">\n                                <a href=\"https:\/\/wnmp.zagan.pl\/index.php\/2024\/10\/26\/parafia-wniebowziecia-nmp-w-zaganiu-3\/\">Parafia Wniebowzi\u0119cia NMP w \u017baganiu<\/a>\n                            <\/h2>\n                            <div class=\"jeg_post_meta\"><span class=\"jeg_meta_date\">2024-10-26<\/span><\/div>\n                        <\/div>\n                    <\/div>\n                <\/div><div class=\"jeg_slide_item format-standard\" style=\"background-image: url(https:\/\/wnmp.zagan.pl\/wp-content\/uploads\/2024\/12\/ZagKnmp-Biblioteka-1002-750x375.webp)\">\n\t\t\t\t\t\n                    \n                    <div class=\"jeg_slide_caption\">\n                        <div class=\"jeg_caption_container\">\n                            <div class=\"jeg_post_category\">\n                                <a href=\"https:\/\/wnmp.zagan.pl\/index.php\/category\/gorny-baner\/\" class=\"category-gorny-baner\">G\u00f3rny baner<\/a>\n                            <\/div>\n                            <h2 class=\"jeg_post_title\">\n                                <a href=\"https:\/\/wnmp.zagan.pl\/index.php\/2024\/10\/26\/parafia-wniebowziecia-nmp-w-zaganiu-2\/\">Parafia Wniebowzi\u0119cia NMP w \u017baganiu<\/a>\n                            <\/h2>\n                            <div class=\"jeg_post_meta\"><span class=\"jeg_meta_date\">2024-10-26<\/span><\/div>\n                        <\/div>\n                    <\/div>\n                <\/div><div class=\"jeg_slide_item format-standard\" style=\"background-image: url(https:\/\/wnmp.zagan.pl\/wp-content\/uploads\/2024\/12\/ZagKnmp-Na-zewnatrz-1006-750x375.webp)\">\n\t\t\t\t\t\n                    \n                    <div class=\"jeg_slide_caption\">\n                        <div class=\"jeg_caption_container\">\n                            <div class=\"jeg_post_category\">\n                                <a href=\"https:\/\/wnmp.zagan.pl\/index.php\/category\/gorny-baner\/\" class=\"category-gorny-baner\">G\u00f3rny baner<\/a>\n                            <\/div>\n                            <h2 class=\"jeg_post_title\">\n                                <a href=\"https:\/\/wnmp.zagan.pl\/index.php\/2024\/10\/26\/parafia-wniebowziecia-nmp-w-zaganiu\/\">Parafia Wniebowzi\u0119cia NMP w \u017baganiu<\/a>\n                            <\/h2>\n                            <div class=\"jeg_post_meta\"><span class=\"jeg_meta_date\">2024-10-26<\/span><\/div>\n                        <\/div>\n                    <\/div>\n                <\/div>\n                    <\/div>\n                    \n                <\/div>[\/vc_column][\/vc_row][vc_row][vc_column width=&#8221;1\/4&#8243;][vc_single_image image=&#8221;1228&#8243; img_size=&#8221;medium&#8221;][vc_single_image image=&#8221;1523&#8243; img_size=&#8221;medium&#8221; alignment=&#8221;center&#8221;][\/vc_column][vc_column width=&#8221;3\/4&#8243;]<div  class=\"jeg_block_heading jeg_block_heading_1 jeg_alignleft jnews_module__1_6a057c1d34016   \">\n                <h3 class=\"jeg_block_title\"><span>Witamy na stronie Parafii WNMP w \u017baganiu<\/span><\/h3>\n                \n            <\/div>[vc_column_text]<\/p>\n<h4>Jako wsp\u00f3lnota parafialna, z rado\u015bci\u0105 i otwartymi sercami zapraszamy do odwiedzenia naszej strony internetowej, gdzie znajd\u0105 Pa\u0144stwo informacje o \u017cyciu i dzia\u0142alno\u015bci naszej parafii. Naszym g\u0142\u00f3wnym celem jest piel\u0119gnowanie wiary, wsp\u00f3lne celebrowanie sakrament\u00f3w oraz wspieranie duchowego rozwoju ka\u017cdego parafianina. W tym duchu chcemy tworzy\u0107 przestrze\u0144 do spotkania z Bogiem i drugim cz\u0142owiekiem.<\/h4>\n<h4>Na naszej stronie znajdziecie aktualno\u015bci, harmonogram Mszy \u015awi\u0119tych, og\u0142oszenia duszpasterskie, a tak\u017ce informacje o grupach parafialnych oraz organizowanych wydarzeniach i rekolekcjach. Parafia Wniebowzi\u0119cia Naj\u015bwi\u0119tszej Maryi Panny to miejsce, w kt\u00f3rym ka\u017cdy mo\u017ce znale\u017a\u0107 wsparcie, modlitw\u0119 i poczucie wsp\u00f3lnoty. Zapraszamy do udzia\u0142u w \u017cyciu naszej parafii \u2013 w ko\u015bciele, na spotkaniach grup parafialnych.<\/h4>\n<p>[\/vc_column_text][\/vc_column][\/vc_row][vc_row full_width=&#8221;stretch_row&#8221; vc_row_background=&#8221;&#8221; css=&#8221;.vc_custom_1525340422816{background-color: #f4f4f9 !important;}&#8221;][vc_column][vc_empty_space height=&#8221;60px&#8221;]<div  class=\"jeg_block_heading jeg_block_heading_7 jeg_aligncenter jnews_module__2_6a057c1d34035   \">\n                <h3 class=\"jeg_block_title\"><span>AKTUALNO\u015aCI<\/span><\/h3>\n                \n            <\/div>[vc_empty_space height=&#8221;40px&#8221;]<div  class=\"jeg_heroblock jeg_heroblock_skew jeg_col_2o3 jeg_hero_style_1 jnews_module__3_6a057c1d344d6  \" data-margin=\"11\" >\n                <div class=\"jeg_hero_wrapper\"><div class=\"jeg_heroblock_wrapper\" style='margin: 0px 0px -11px -11px;'>\n\t                <article class=\"jeg_post jeg_hero_item_1 format-standard\" style=\"padding: 0 0 11px 11px;\">\n                        <div class=\"jeg_block_container\">\n                            <span class=\"jeg_postformat_icon\"><\/span>\n                            <div class=\"jeg_thumb\">\n                                <a href=\"https:\/\/wnmp.zagan.pl\/index.php\/2026\/04\/13\/pielgrzymka-powolaniowa\/\" ><div class=\"thumbnail-container thumbnail-background\" data-src=\"https:\/\/wnmp.zagan.pl\/wp-content\/uploads\/2026\/04\/pielgrzymka_rokitno.png\" >\n                        <div class=\"lazyloaded\" data-src=\"https:\/\/wnmp.zagan.pl\/wp-content\/uploads\/2026\/04\/pielgrzymka_rokitno.png\" style=\"background-image: url(https:\/\/wnmp.zagan.pl\/wp-content\/uploads\/2026\/04\/pielgrzymka_rokitno.png)\"><\/div>\n                    <\/div><\/a>\n                            <\/div>\n                            <div class=\"jeg_postblock_content\">\n                                <div class=\"jeg_post_category\">\n                                    <a href=\"https:\/\/wnmp.zagan.pl\/index.php\/category\/aktualnosci-2\/\" class=\"category-aktualnosci-2\">Aktualno\u015bci<\/a>\n                                <\/div>\n                                <div class=\"jeg_post_info\">\n                                    <h2 class=\"jeg_post_title\">\n                                        <a href=\"https:\/\/wnmp.zagan.pl\/index.php\/2026\/04\/13\/pielgrzymka-powolaniowa\/\">Pielgrzymka Powo\u0142aniowa<\/a>\n                                    <\/h2>\n                                    <div class=\"jeg_post_meta\"><div class=\"jeg_meta_date\"><a href=\"https:\/\/wnmp.zagan.pl\/index.php\/2026\/04\/13\/pielgrzymka-powolaniowa\/\" ><i class=\"fa fa-clock-o\"><\/i> 2026-04-13<\/a><\/div><\/div>\n                                <\/div>\n                            <\/div>\n                        <\/div>\n                    <\/article><article class=\"jeg_post jeg_hero_item_2 format-standard\" style=\"padding: 0 0 11px 11px;\">\n                        <div class=\"jeg_block_container\">\n                            <span class=\"jeg_postformat_icon\"><\/span>\n                            <div class=\"jeg_thumb\">\n                                <a href=\"https:\/\/wnmp.zagan.pl\/index.php\/2026\/04\/13\/diecezjalna-pielgrzymka-motocyklowa-2026\/\" ><div class=\"thumbnail-container thumbnail-background\" data-src=\"https:\/\/wnmp.zagan.pl\/wp-content\/uploads\/2026\/04\/pielgrzymka.png\" >\n                        <div class=\"lazyloaded\" data-src=\"https:\/\/wnmp.zagan.pl\/wp-content\/uploads\/2026\/04\/pielgrzymka.png\" style=\"background-image: url(https:\/\/wnmp.zagan.pl\/wp-content\/uploads\/2026\/04\/pielgrzymka.png)\"><\/div>\n                    <\/div><\/a>\n                            <\/div>\n                            <div class=\"jeg_postblock_content\">\n                                <div class=\"jeg_post_category\">\n                                    <a href=\"https:\/\/wnmp.zagan.pl\/index.php\/category\/aktualnosci-2\/\" class=\"category-aktualnosci-2\">Aktualno\u015bci<\/a>\n                                <\/div>\n                                <div class=\"jeg_post_info\">\n                                    <h2 class=\"jeg_post_title\">\n                                        <a href=\"https:\/\/wnmp.zagan.pl\/index.php\/2026\/04\/13\/diecezjalna-pielgrzymka-motocyklowa-2026\/\">Diecezjalna Pielgrzymka Motocyklowa 2026<\/a>\n                                    <\/h2>\n                                    <div class=\"jeg_post_meta\"><div class=\"jeg_meta_date\"><a href=\"https:\/\/wnmp.zagan.pl\/index.php\/2026\/04\/13\/diecezjalna-pielgrzymka-motocyklowa-2026\/\" ><i class=\"fa fa-clock-o\"><\/i> 2026-04-13<\/a><\/div><\/div>\n                                <\/div>\n                            <\/div>\n                        <\/div>\n                    <\/article>\n\t            <\/div><\/div>\n            <\/div>\n            <style scoped>@media only screen and (min-width: 1025px) { .jeg_heroblock.jnews_module__3_6a057c1d344d6 .jeg_heroblock_wrapper{ height: 500px; } }<\/style>[\/vc_column][\/vc_row][vc_row][vc_column][vc_empty_space]<div  class=\"jeg_postblock_9 jeg_postblock jeg_module_hook jeg_pagination_disable jeg_col_2o3 jnews_module__4_6a057c1d361cf   \" data-unique=\"jnews_module__4_6a057c1d361cf\">\n\t\t\t\t\t\n\t\t\t\t\t<div class=\"jeg_block_container\">\n                    \n                    <div class=\"jeg_posts_wrap\"><div class=\"jeg_posts jeg_load_more_flag\"><article class=\"jeg_post jeg_pl_md_1 format-standard\">\n                    <div class=\"jeg_thumb\">\n                        \n                        <a href=\"https:\/\/wnmp.zagan.pl\/index.php\/2026\/04\/10\/milosierdzie-boze-wychwalac-bede\/\"><div class=\"thumbnail-container animate-lazy  size-500 \"><img loading=\"lazy\" decoding=\"async\" width=\"360\" height=\"180\" src=\"data:image\/gif;base64,R0lGODlhAQABAIAAAP\/\/\/wAAACH5BAEAAAAALAAAAAABAAEAAAICRAEAOw==\" class=\"lazyload wp-post-image\" alt=\"Mi\u0142osierdzie Bo\u017ce wychwala\u0107 b\u0119d\u0119\" data-full-width=\"1587\" data-full-height=\"2245\" data-src=\"https:\/\/wnmp.zagan.pl\/wp-content\/uploads\/2026\/04\/obraz-360x180.png\" data-sizes=\"auto\" data-expand=\"700\" \/><\/div><\/a>\n                        <div class=\"jeg_post_category\">\n                            <span><a href=\"https:\/\/wnmp.zagan.pl\/index.php\/category\/aktualnosci-2\/\" class=\"category-aktualnosci-2\">Aktualno\u015bci<\/a><\/span>\n                        <\/div>\n                    <\/div>\n                    <div class=\"jeg_postblock_content\">\n                        <h3 class=\"jeg_post_title\">\n                            <a href=\"https:\/\/wnmp.zagan.pl\/index.php\/2026\/04\/10\/milosierdzie-boze-wychwalac-bede\/\">Mi\u0142osierdzie Bo\u017ce wychwala\u0107 b\u0119d\u0119<\/a>\n                        <\/h3>\n                        <div class=\"jeg_post_meta\"><div class=\"jeg_meta_date\"><a href=\"https:\/\/wnmp.zagan.pl\/index.php\/2026\/04\/10\/milosierdzie-boze-wychwalac-bede\/\" ><i class=\"fa fa-clock-o\"><\/i> 2026-04-10<\/a><\/div><\/div>\n                    <\/div>\n                <\/article><article class=\"jeg_post jeg_pl_md_1 format-standard\">\n                    <div class=\"jeg_thumb\">\n                        \n                        <a href=\"https:\/\/wnmp.zagan.pl\/index.php\/2026\/04\/02\/swiete-triduum-paschalne-wielkanoc-2026\/\"><div class=\"thumbnail-container animate-lazy  size-500 \"><img loading=\"lazy\" decoding=\"async\" width=\"360\" height=\"180\" src=\"data:image\/gif;base64,R0lGODlhAQABAIAAAP\/\/\/wAAACH5BAEAAAAALAAAAAABAAEAAAICRAEAOw==\" class=\"lazyload wp-post-image\" alt=\"\u015awi\u0119te Triduum Paschalne \u2013 Wielkanoc 2026\" data-full-width=\"1587\" data-full-height=\"2245\" data-src=\"https:\/\/wnmp.zagan.pl\/wp-content\/uploads\/2026\/04\/triduum-360x180.png\" data-sizes=\"auto\" data-expand=\"700\" \/><\/div><\/a>\n                        <div class=\"jeg_post_category\">\n                            <span><a href=\"https:\/\/wnmp.zagan.pl\/index.php\/category\/aktualnosci-2\/\" class=\"category-aktualnosci-2\">Aktualno\u015bci<\/a><\/span>\n                        <\/div>\n                    <\/div>\n                    <div class=\"jeg_postblock_content\">\n                        <h3 class=\"jeg_post_title\">\n                            <a href=\"https:\/\/wnmp.zagan.pl\/index.php\/2026\/04\/02\/swiete-triduum-paschalne-wielkanoc-2026\/\">\u015awi\u0119te Triduum Paschalne \u2013 Wielkanoc 2026<\/a>\n                        <\/h3>\n                        <div class=\"jeg_post_meta\"><div class=\"jeg_meta_date\"><a href=\"https:\/\/wnmp.zagan.pl\/index.php\/2026\/04\/02\/swiete-triduum-paschalne-wielkanoc-2026\/\" ><i class=\"fa fa-clock-o\"><\/i> 2026-04-02<\/a><\/div><\/div>\n                    <\/div>\n                <\/article><article class=\"jeg_post jeg_pl_md_1 format-standard\">\n                    <div class=\"jeg_thumb\">\n                        \n                        <a href=\"https:\/\/wnmp.zagan.pl\/index.php\/2026\/04\/02\/duchowa-adopcja-kaplana\/\"><div class=\"thumbnail-container animate-lazy  size-500 \"><img loading=\"lazy\" decoding=\"async\" width=\"360\" height=\"180\" src=\"data:image\/gif;base64,R0lGODlhAQABAIAAAP\/\/\/wAAACH5BAEAAAAALAAAAAABAAEAAAICRAEAOw==\" class=\"lazyload wp-post-image\" alt=\"Duchowa Adopcja Kap\u0142ana\" data-full-width=\"832\" data-full-height=\"1248\" data-src=\"https:\/\/wnmp.zagan.pl\/wp-content\/uploads\/2026\/04\/IMG_4011-360x180.jpeg\" data-sizes=\"auto\" data-expand=\"700\" \/><\/div><\/a>\n                        <div class=\"jeg_post_category\">\n                            <span><a href=\"https:\/\/wnmp.zagan.pl\/index.php\/category\/aktualnosci-2\/\" class=\"category-aktualnosci-2\">Aktualno\u015bci<\/a><\/span>\n                        <\/div>\n                    <\/div>\n                    <div class=\"jeg_postblock_content\">\n                        <h3 class=\"jeg_post_title\">\n                            <a href=\"https:\/\/wnmp.zagan.pl\/index.php\/2026\/04\/02\/duchowa-adopcja-kaplana\/\">Duchowa Adopcja Kap\u0142ana<\/a>\n                        <\/h3>\n                        <div class=\"jeg_post_meta\"><div class=\"jeg_meta_date\"><a href=\"https:\/\/wnmp.zagan.pl\/index.php\/2026\/04\/02\/duchowa-adopcja-kaplana\/\" ><i class=\"fa fa-clock-o\"><\/i> 2026-04-02<\/a><\/div><\/div>\n                    <\/div>\n                <\/article><article class=\"jeg_post jeg_pl_md_1 format-standard\">\n                    <div class=\"jeg_thumb\">\n                        \n                        <a href=\"https:\/\/wnmp.zagan.pl\/index.php\/2026\/03\/01\/rozpoczynamy-wydawanie-zywnosci-w-ramach-programu-fepz-podprogram-2025\/\"><div class=\"thumbnail-container animate-lazy  size-500 \"><img loading=\"lazy\" decoding=\"async\" width=\"360\" height=\"180\" src=\"data:image\/gif;base64,R0lGODlhAQABAIAAAP\/\/\/wAAACH5BAEAAAAALAAAAAABAAEAAAICRAEAOw==\" class=\"lazyload wp-post-image\" alt=\"Rozpoczynamy wydawanie \u017cywno\u015bci w ramach programu FEP\u017b &#8211; Podprogram 2025\" data-full-width=\"812\" data-full-height=\"544\" data-src=\"https:\/\/wnmp.zagan.pl\/wp-content\/uploads\/2026\/03\/3710_ikona-360x180.jpg\" data-sizes=\"auto\" data-expand=\"700\" \/><\/div><\/a>\n                        <div class=\"jeg_post_category\">\n                            <span><a href=\"https:\/\/wnmp.zagan.pl\/index.php\/category\/aktualnosci-2\/\" class=\"category-aktualnosci-2\">Aktualno\u015bci<\/a><\/span>\n                        <\/div>\n                    <\/div>\n                    <div class=\"jeg_postblock_content\">\n                        <h3 class=\"jeg_post_title\">\n                            <a href=\"https:\/\/wnmp.zagan.pl\/index.php\/2026\/03\/01\/rozpoczynamy-wydawanie-zywnosci-w-ramach-programu-fepz-podprogram-2025\/\">Rozpoczynamy wydawanie \u017cywno\u015bci w ramach programu FEP\u017b &#8211; Podprogram 2025<\/a>\n                        <\/h3>\n                        <div class=\"jeg_post_meta\"><div class=\"jeg_meta_date\"><a href=\"https:\/\/wnmp.zagan.pl\/index.php\/2026\/03\/01\/rozpoczynamy-wydawanie-zywnosci-w-ramach-programu-fepz-podprogram-2025\/\" ><i class=\"fa fa-clock-o\"><\/i> 2026-03-01<\/a><\/div><\/div>\n                    <\/div>\n                <\/article><article class=\"jeg_post jeg_pl_md_1 format-standard\">\n                    <div class=\"jeg_thumb\">\n                        \n                        <a href=\"https:\/\/wnmp.zagan.pl\/index.php\/2026\/02\/24\/wielki-post-czas-modlitwy-i-refleksji\/\"><div class=\"thumbnail-container animate-lazy  size-500 \"><img loading=\"lazy\" decoding=\"async\" width=\"360\" height=\"180\" src=\"data:image\/gif;base64,R0lGODlhAQABAIAAAP\/\/\/wAAACH5BAEAAAAALAAAAAABAAEAAAICRAEAOw==\" class=\"lazyload wp-post-image\" alt=\"Wielki Post \u2013 czas modlitwy i refleksji\" data-full-width=\"1104\" data-full-height=\"928\" data-src=\"https:\/\/wnmp.zagan.pl\/wp-content\/uploads\/2026\/02\/droga-360x180.webp\" data-sizes=\"auto\" data-expand=\"700\" \/><\/div><\/a>\n                        <div class=\"jeg_post_category\">\n                            <span><a href=\"https:\/\/wnmp.zagan.pl\/index.php\/category\/aktualnosci-2\/\" class=\"category-aktualnosci-2\">Aktualno\u015bci<\/a><\/span>\n                        <\/div>\n                    <\/div>\n                    <div class=\"jeg_postblock_content\">\n                        <h3 class=\"jeg_post_title\">\n                            <a href=\"https:\/\/wnmp.zagan.pl\/index.php\/2026\/02\/24\/wielki-post-czas-modlitwy-i-refleksji\/\">Wielki Post \u2013 czas modlitwy i refleksji<\/a>\n                        <\/h3>\n                        <div class=\"jeg_post_meta\"><div class=\"jeg_meta_date\"><a href=\"https:\/\/wnmp.zagan.pl\/index.php\/2026\/02\/24\/wielki-post-czas-modlitwy-i-refleksji\/\" ><i class=\"fa fa-clock-o\"><\/i> 2026-02-24<\/a><\/div><\/div>\n                    <\/div>\n                <\/article><article class=\"jeg_post jeg_pl_md_1 format-standard\">\n                    <div class=\"jeg_thumb\">\n                        \n                        <a href=\"https:\/\/wnmp.zagan.pl\/index.php\/2026\/02\/19\/wielki-post\/\"><div class=\"thumbnail-container animate-lazy  size-500 \"><img loading=\"lazy\" decoding=\"async\" width=\"360\" height=\"180\" src=\"data:image\/gif;base64,R0lGODlhAQABAIAAAP\/\/\/wAAACH5BAEAAAAALAAAAAABAAEAAAICRAEAOw==\" class=\"lazyload wp-post-image\" alt=\"Czas Wielkiego Postu\" data-full-width=\"1587\" data-full-height=\"2245\" data-src=\"https:\/\/wnmp.zagan.pl\/wp-content\/uploads\/2026\/02\/ogloszenie-2-360x180.png\" data-sizes=\"auto\" data-expand=\"700\" \/><\/div><\/a>\n                        <div class=\"jeg_post_category\">\n                            <span><a href=\"https:\/\/wnmp.zagan.pl\/index.php\/category\/aktualnosci-2\/\" class=\"category-aktualnosci-2\">Aktualno\u015bci<\/a><\/span>\n                        <\/div>\n                    <\/div>\n                    <div class=\"jeg_postblock_content\">\n                        <h3 class=\"jeg_post_title\">\n                            <a href=\"https:\/\/wnmp.zagan.pl\/index.php\/2026\/02\/19\/wielki-post\/\">Czas Wielkiego Postu<\/a>\n                        <\/h3>\n                        <div class=\"jeg_post_meta\"><div class=\"jeg_meta_date\"><a href=\"https:\/\/wnmp.zagan.pl\/index.php\/2026\/02\/19\/wielki-post\/\" ><i class=\"fa fa-clock-o\"><\/i> 2026-02-19<\/a><\/div><\/div>\n                    <\/div>\n                <\/article><\/div><\/div>\n                    <div class='module-overlay'>\n\t\t\t\t    <div class='preloader_type preloader_dot'>\n\t\t\t\t        <div class=\"module-preloader jeg_preloader dot\">\n\t\t\t\t            <span><\/span><span><\/span><span><\/span>\n\t\t\t\t        <\/div>\n\t\t\t\t        <div class=\"module-preloader jeg_preloader circle\">\n\t\t\t\t            <div class=\"jnews_preloader_circle_outer\">\n\t\t\t\t                <div class=\"jnews_preloader_circle_inner\"><\/div>\n\t\t\t\t            <\/div>\n\t\t\t\t        <\/div>\n\t\t\t\t        <div class=\"module-preloader jeg_preloader square\">\n\t\t\t\t            <div class=\"jeg_square\">\n\t\t\t\t                <div class=\"jeg_square_inner\"><\/div>\n\t\t\t\t            <\/div>\n\t\t\t\t        <\/div>\n\t\t\t\t    <\/div>\n\t\t\t\t<\/div>\n                <\/div>\n                <div class=\"jeg_block_navigation\">\n                    <div class='navigation_overlay'><div class='module-preloader jeg_preloader'><span><\/span><span><\/span><span><\/span><\/div><\/div>\n                    \n                    \n                <\/div>\n\t\t\t\t\t\n\t\t\t\t\t<script>var jnews_module__4_6a057c1d361cf = {\"header_icon\":\"\",\"first_title\":\"\",\"second_title\":\"\",\"url\":\"\",\"header_type\":\"heading_6\",\"header_background\":\"\",\"header_secondary_background\":\"\",\"header_text_color\":\"\",\"header_line_color\":\"\",\"header_accent_color\":\"\",\"header_filter_category\":\"\",\"header_filter_author\":\"\",\"header_filter_tag\":\"\",\"header_filter_text\":\"All\",\"post_type\":\"post\",\"content_type\":\"all\",\"number_post\":\"6\",\"post_offset\":\"2\",\"unique_content\":\"disable\",\"include_post\":\"\",\"exclude_post\":\"\",\"include_category\":\"15\",\"exclude_category\":\"\",\"include_author\":\"\",\"include_tag\":\"\",\"exclude_tag\":\"\",\"sort_by\":\"latest\",\"date_format\":\"default\",\"date_format_custom\":\"Y\\\/m\\\/d\",\"force_normal_image_load\":\"\",\"pagination_mode\":\"disable\",\"pagination_nextprev_showtext\":\"\",\"pagination_number_post\":4,\"pagination_scroll_limit\":0,\"boxed\":\"\",\"boxed_shadow\":\"\",\"el_id\":\"\",\"el_class\":\"\",\"scheme\":\"\",\"column_width\":\"auto\",\"title_color\":\"\",\"accent_color\":\"\",\"alt_color\":\"\",\"excerpt_color\":\"\",\"css\":\"\",\"compatible_column_notice\":\"\",\"paged\":1,\"column_class\":\"jeg_col_2o3\",\"class\":\"jnews_block_9\"};<\/script>\n\t\t\t\t<\/div><div  class=\"jeg_block_heading jeg_block_heading_1 jeg_alignleft jnews_module__5_6a057c1d39146   \">\n                <h3 class=\"jeg_block_title\"><span><i class='fa fas fa-play'><\/i>Tylko nie m\u00f3wcie nikomu<\/span><\/h3>\n                \n            <\/div>[\/vc_column][\/vc_row][vc_row][vc_column][vc_video link=&#8221;https:\/\/youtu.be\/i1GQ3tGu8aU?is=U48Fq3yYx25Yl21N &#8222;][\/vc_column][\/vc_row][vc_row][vc_column width=&#8221;2\/3&#8221;]<div  class=\"jeg_block_heading jeg_block_heading_1 jeg_alignleft jnews_module__6_6a057c1d39169   \">\n                <h3 class=\"jeg_block_title\"><span>Poaugustia\u0144ski Zesp\u00f3\u0142 Klasztorny<\/span><\/h3>\n                \n            <\/div>[vc_gallery type=&#8221;image_grid&#8221; images=&#8221;1537,1535,1531,1530,1526,1517,1512,1509,1499,1507&#8243;][\/vc_column][vc_column width=&#8221;1\/3&#8243;]<div  class=\"jeg_block_heading jeg_block_heading_1 jeg_alignleft jnews_module__7_6a057c1d39176   \">\n                <h3 class=\"jeg_block_title\"><span>Pobierz aplikacj\u0119<\/span><\/h3>\n                \n            <\/div>[vc_single_image image=&#8221;1688&#8243; img_size=&#8221;350&#215;150&#8243; alignment=&#8221;center&#8221; onclick=&#8221;custom_link&#8221; link=&#8221;#&#8221;][vc_single_image image=&#8221;1687&#8243; img_size=&#8221;350&#215;150&#8243; alignment=&#8221;center&#8221;][\/vc_column][\/vc_row]<\/p>\n","protected":false},"excerpt":{"rendered":"<p>[vc_row][vc_column][\/vc_column][\/vc_row][vc_row][vc_column width=&#8221;1\/4&#8243;][vc_single_image image=&#8221;1228&#8243; img_size=&#8221;medium&#8221;][vc_single_image image=&#8221;1523&#8243; img_size=&#8221;medium&#8221; alignment=&#8221;center&#8221;][\/vc_column][vc_column width=&#8221;3\/4&#8243;][vc_column_text] Jako wsp\u00f3lnota parafialna, z rado\u015bci\u0105 i otwartymi sercami zapraszamy do odwiedzenia naszej strony internetowej, gdzie znajd\u0105 Pa\u0144stwo informacje o \u017cyciu i dzia\u0142alno\u015bci naszej parafii. Naszym g\u0142\u00f3wnym celem jest piel\u0119gnowanie wiary, wsp\u00f3lne celebrowanie sakrament\u00f3w oraz wspieranie duchowego rozwoju ka\u017cdego parafianina. W tym duchu chcemy tworzy\u0107 przestrze\u0144 do spotkania [&hellip;]<\/p>\n","protected":false},"author":1,"featured_media":0,"parent":0,"menu_order":0,"comment_status":"closed","ping_status":"closed","template":"template-builder.php","meta":{"footnotes":""},"class_list":["post-994","page","type-page","status-publish","hentry"],"_links":{"self":[{"href":"https:\/\/wnmp.zagan.pl\/index.php\/wp-json\/wp\/v2\/pages\/994","targetHints":{"allow":["GET"]}}],"collection":[{"href":"https:\/\/wnmp.zagan.pl\/index.php\/wp-json\/wp\/v2\/pages"}],"about":[{"href":"https:\/\/wnmp.zagan.pl\/index.php\/wp-json\/wp\/v2\/types\/page"}],"author":[{"embeddable":true,"href":"https:\/\/wnmp.zagan.pl\/index.php\/wp-json\/wp\/v2\/users\/1"}],"replies":[{"embeddable":true,"href":"https:\/\/wnmp.zagan.pl\/index.php\/wp-json\/wp\/v2\/comments?post=994"}],"version-history":[{"count":18,"href":"https:\/\/wnmp.zagan.pl\/index.php\/wp-json\/wp\/v2\/pages\/994\/revisions"}],"predecessor-version":[{"id":1787,"href":"https:\/\/wnmp.zagan.pl\/index.php\/wp-json\/wp\/v2\/pages\/994\/revisions\/1787"}],"wp:attachment":[{"href":"https:\/\/wnmp.zagan.pl\/index.php\/wp-json\/wp\/v2\/media?parent=994"}],"curies":[{"name":"wp","href":"https:\/\/api.w.org\/{rel}","templated":true}]}}