{"id":62,"date":"2013-12-18T13:32:47","date_gmt":"2013-12-18T12:32:47","guid":{"rendered":"https:\/\/ragakomputer.home.pl\/autoinstalator\/wordpress3\/index.php\/2013\/12\/18\/sakrament-chorych\/"},"modified":"2024-10-31T22:12:03","modified_gmt":"2024-10-31T21:12:03","slug":"sakrament-chorych","status":"publish","type":"page","link":"https:\/\/wnmp.zagan.pl\/index.php\/sakrament-chorych\/","title":{"rendered":"Sakrament Chorych"},"content":{"rendered":"<p style=\"text-align: justify;\">Sprawuj\u0105c duszpasterstwo chorych, Ko\u015bci\u00f3\u0142 s\u0142u\u017cy samemu Chrystusowi w cierpi\u0105cych cz\u0142onkach Mistycznego Cia\u0142a. Spe\u0142nia on polecenia Pana Jezusa, by troszczy\u0107 si\u0119 o chorych i na\u015bladuje Jego przyk\u0142ad. Jezus bowiem \u201eprzeszed\u0142 dobrze czyni\u0105c i uzdrawiaj\u0105c wszystkich\u201d. Trosk\u0119 t\u0119 okazuje Ko\u015bci\u00f3\u0142 nie tylko odwiedzaj\u0105c chorych, lecz tak\u017ce podnosz\u0105c ich na duchu przez sakrament namaszczenia i pokrzepiaj\u0105c sakramentem Eucharystii. Czyni to w czasie trwania choroby oraz wtedy, gdy chorzy znajduj\u0105 si\u0119 w niebezpiecze\u0144stwie \u015bmierci.<\/p>\n<p><!--more--><\/p>\n<p style=\"text-align: justify;\">Sakramentu namaszczenia chorych udziela si\u0119 osobom chorym, namaszczaj\u0105c ich na czole i d\u0142oniach po\u015bwi\u0119conym olejem z oliwek wymawiaj\u0105c nast\u0119puj\u0105ce s\u0142owa:<br \/>PRZEZ TO \u015aWI\u0118TE NAMASZCZENIE NIECH PAN W SWOIM NIESKO\u0143CZONYM MI\u0141OSIERDZIU WSPOMO\u017bE CIEBIE \u0141ASK\u0104 DUCHA \u015aWI\u0118TEGO. PAN, KT\u00d3RY CI ODPUSZCZA GRZECHY, NIECH CI\u0118 WYBAWI I \u0141ASKAWIE POD\u0179WIGNIE.<\/p>\n<p>Sakrament namaszczenia chorych sprawowany jest w spos\u00f3b uroczysty podczas Parafialnego Dnia Chorych w sobot\u0119 w okolicy odpustu Wniebowzi\u0119cia NMP &#8211; 15 sierpnia.<\/p>\n<p><strong>W sytuacjach nag\u0142ych sakrament namaszczenia udzielamy w ka\u017cdej chwili.<\/strong><\/p>\n<p>Sta\u0142e odwiedziny Chorych z Komuni\u0105 \u015bw. i ew. mo\u017cliwo\u015bci\u0105 spowiedzi \u015bw. w ka\u017cda I sobot\u0119 miesi\u0105ca, lub wg Og\u0142osze\u0144 Parafialnych. Nadzwyczajni Szafarze Komunii \u015bw. mog\u0105 przynosi\u0107 Komunie \u015bw. Chorym w ka\u017cd\u0105 niedziel\u0119 i \u015bwi\u0119ta wg uzgodnie\u0144.<\/p>\n","protected":false},"excerpt":{"rendered":"<p>Sprawuj\u0105c duszpasterstwo chorych, Ko\u015bci\u00f3\u0142 s\u0142u\u017cy samemu Chrystusowi w cierpi\u0105cych cz\u0142onkach Mistycznego Cia\u0142a. Spe\u0142nia on polecenia Pana Jezusa, by troszczy\u0107 si\u0119 o chorych i na\u015bladuje Jego przyk\u0142ad. Jezus bowiem \u201eprzeszed\u0142 dobrze czyni\u0105c i uzdrawiaj\u0105c wszystkich\u201d. Trosk\u0119 t\u0119 okazuje Ko\u015bci\u00f3\u0142 nie tylko odwiedzaj\u0105c chorych, lecz tak\u017ce podnosz\u0105c ich na duchu przez sakrament namaszczenia i pokrzepiaj\u0105c sakramentem Eucharystii. [&hellip;]<\/p>\n","protected":false},"author":3,"featured_media":0,"parent":0,"menu_order":6,"comment_status":"open","ping_status":"open","template":"","meta":{"footnotes":""},"class_list":["post-62","page","type-page","status-publish","hentry"],"_links":{"self":[{"href":"https:\/\/wnmp.zagan.pl\/index.php\/wp-json\/wp\/v2\/pages\/62","targetHints":{"allow":["GET"]}}],"collection":[{"href":"https:\/\/wnmp.zagan.pl\/index.php\/wp-json\/wp\/v2\/pages"}],"about":[{"href":"https:\/\/wnmp.zagan.pl\/index.php\/wp-json\/wp\/v2\/types\/page"}],"author":[{"embeddable":true,"href":"https:\/\/wnmp.zagan.pl\/index.php\/wp-json\/wp\/v2\/users\/3"}],"replies":[{"embeddable":true,"href":"https:\/\/wnmp.zagan.pl\/index.php\/wp-json\/wp\/v2\/comments?post=62"}],"version-history":[{"count":1,"href":"https:\/\/wnmp.zagan.pl\/index.php\/wp-json\/wp\/v2\/pages\/62\/revisions"}],"predecessor-version":[{"id":1415,"href":"https:\/\/wnmp.zagan.pl\/index.php\/wp-json\/wp\/v2\/pages\/62\/revisions\/1415"}],"wp:attachment":[{"href":"https:\/\/wnmp.zagan.pl\/index.php\/wp-json\/wp\/v2\/media?parent=62"}],"curies":[{"name":"wp","href":"https:\/\/api.w.org\/{rel}","templated":true}]}}