{"id":433,"date":"2024-03-18T10:00:37","date_gmt":"2024-03-18T09:00:37","guid":{"rendered":"https:\/\/ragakomputer.home.pl\/autoinstalator\/wordpress3\/index.php\/2024\/03\/18\/zamowienie-publiczne-2024\/"},"modified":"2024-10-27T21:33:00","modified_gmt":"2024-10-27T20:33:00","slug":"zamowienie-publiczne-2024","status":"publish","type":"page","link":"https:\/\/wnmp.zagan.pl\/index.php\/zamowienie-publiczne-2024\/","title":{"rendered":"Zam\u00f3wienie publiczne"},"content":{"rendered":"<p><strong>Parafia Rzymsko-Katolicka p.w. Wniebowzi\u0119cia NMP w \u017baganiu<\/strong><\/p>\n<p>ZAPYTANIE OFERTOWE<br \/>\nNr 1\/2024 z dnia 18 marca 2024 r.<br \/>\nw ramach post\u0119powania prowadzonego zgodnie z zasad\u0105 konkurencyjno\u015bci w celu udzielenia zam\u00f3wienia na prace konserwatorsko-restauratorskie p.n.<br \/>\n<strong>\u201eRenowacja i restauracja nawy bocznej p\u00f3\u0142nocnej ko\u015bcio\u0142a pw. Wniebowzi\u0119cia NMP w \u017baganiu<\/strong><strong>\u201d<\/strong><\/p>\n<p>Dofinansowanego z Rz\u0105dowego Programu Odbudowy Zabytk\u00f3w\/ Polski \u0141ad na podstawie wniosku o dofinansowanie z\u0142o\u017conego przez Powiat \u017baga\u0144ski &#8211; Wnioskodawca<strong><br \/>\n<\/strong><\/p>\n<p><strong>Parafia Rzymsko-Katolicka p.w. Wniebowzi\u0119cia NMP w \u017baganiu<br \/>\n<\/strong>Proboszcz Parafii<br \/>\nks. kan. W\u0142adys\u0142aw Tasior<\/p>\n<p><strong>Za\u0142\u0105czniki:<\/strong><\/p>\n<p><!--more--><\/p>\n<p><strong><a href=\"http:\/\/ragakomputer.home.pl\/autoinstalator\/wordpress3\/wp-content\/uploads\/2024\/03\/Zaproszenie-do-zlozenia-oferty-na-strone-18.03.2024.pdf\">zaproszenie do z\u0142o\u017cenia oferty &#8211; 1\/2024 (PDF, 1,3 MiB)<\/a><br \/>\n<a href=\"http:\/\/ragakomputer.home.pl\/autoinstalator\/wordpress3\/wp-content\/uploads\/2024\/03\/Zal.-1-Formularz-oferty.docx\">za\u0142\u0105cznik nr 1 &#8211; formularz ofertowy &#8211; 1\/2024 (D0CX, 22.3 KiB)<\/a><br \/>\n<a href=\"http:\/\/ragakomputer.home.pl\/autoinstalator\/wordpress3\/wp-content\/uploads\/2024\/03\/zal.-2-Wykaz-robot.doc\">za\u0142\u0105cznik nr 2 &#8211; wykaz rob\u00f3t budowlanych &#8211; 1\/2024 (D0C, 191 KiB)<\/a><br \/>\n<a href=\"http:\/\/ragakomputer.home.pl\/autoinstalator\/wordpress3\/wp-content\/uploads\/2024\/03\/Zal.-3-Wykaz-osob.docx\">za\u0142\u0105cznik nr 3 &#8211; wykaz os\u00f3b &#8211; 1\/2024 (D0CX, 23.5 KiB)<\/a><br \/>\n<a href=\"http:\/\/ragakomputer.home.pl\/autoinstalator\/wordpress3\/wp-content\/uploads\/2024\/03\/Zal.-4-RODO.docx\">za\u0142\u0105cznik nr 4 &#8211; RODO (D0CX, 19 KiB)<\/a><br \/>\n<a href=\"http:\/\/ragakomputer.home.pl\/autoinstalator\/wordpress3\/wp-content\/uploads\/2024\/03\/Zal.-5-Wzor-umowy.docx\">za\u0142\u0105cznik nr 5 &#8211; wz\u00f3r umowy (DOCX, 78.7 KiB)<\/a><br \/>\n<a href=\"http:\/\/ragakomputer.home.pl\/autoinstalator\/wordpress3\/wp-content\/uploads\/2024\/03\/Zal.-7-Decyzja-LWKZ-ZN.5142.6.2024mZag-ZR.5144.2.2024.pdf\">za\u0142\u0105cznik nr 7 &#8211; decyzja LWKZ &#8211; 1\/2024 (PDF, 9.4 MiB)<\/a><br \/>\n<a href=\"http:\/\/ragakomputer.home.pl\/autoinstalator\/wordpress3\/wp-content\/uploads\/2024\/03\/Zal.-8-Zakres-prac.7z\">za\u0142\u0105cznik nr 8 &#8211; zakres i lokalizacja prac &#8211; (7Z, 720.7 KiB)<\/a><br \/>\n<a href=\"http:\/\/ragakomputer.home.pl\/autoinstalator\/wordpress3\/wp-content\/uploads\/2024\/03\/zal.-9-Przedmiar_inwest__Zagan_KosciolWNMP_nawa_N_PL_2024_35mln-kopia.pdf\">za\u0142\u0105cznik nr 9 &#8211; przedmiar &#8211; 1\/2024 (PDF, 167.1 KiB)<\/a><br \/>\n<a href=\"http:\/\/ragakomputer.home.pl\/autoinstalator\/wordpress3\/wp-content\/uploads\/2024\/03\/zal.6-TOM_1_NAWA_PLN_Z-KAPLICAMI_badania.pdf\">za\u0142\u0105cznik nr 6 &#8211; TOM I (PDF, 11.6 MiB)<\/a><br \/>\n<a href=\"http:\/\/ragakomputer.home.pl\/autoinstalator\/wordpress3\/wp-content\/uploads\/2024\/03\/zal.6-TOM_1_zalaczniki_badania-laboratoryjne_small.pdf\">za\u0142\u0105cznik nr 6 &#8211; TOM I za\u0142\u0105czniki (PDF, 18.1 MiB)<\/a><br \/>\n<a href=\"http:\/\/ragakomputer.home.pl\/autoinstalator\/wordpress3\/wp-content\/uploads\/2024\/03\/zal.6-TOM_2_PPK_NAWA_PLN_2023.pdf\">za\u0142\u0105cznik nr 6 &#8211; TOM II (PDF, 13.2 MiB)<\/a><\/strong><\/p>\n","protected":false},"excerpt":{"rendered":"<p>Parafia Rzymsko-Katolicka p.w. Wniebowzi\u0119cia NMP w \u017baganiu ZAPYTANIE OFERTOWE Nr 1\/2024 z dnia 18 marca 2024 r. w ramach post\u0119powania prowadzonego zgodnie z zasad\u0105 konkurencyjno\u015bci w celu udzielenia zam\u00f3wienia na prace konserwatorsko-restauratorskie p.n. \u201eRenowacja i restauracja nawy bocznej p\u00f3\u0142nocnej ko\u015bcio\u0142a pw. Wniebowzi\u0119cia NMP w \u017baganiu\u201d Dofinansowanego z Rz\u0105dowego Programu Odbudowy Zabytk\u00f3w\/ Polski \u0141ad na podstawie [&hellip;]<\/p>\n","protected":false},"author":3,"featured_media":0,"parent":0,"menu_order":11,"comment_status":"open","ping_status":"open","template":"","meta":{"footnotes":""},"class_list":["post-433","page","type-page","status-publish","hentry"],"_links":{"self":[{"href":"https:\/\/wnmp.zagan.pl\/index.php\/wp-json\/wp\/v2\/pages\/433","targetHints":{"allow":["GET"]}}],"collection":[{"href":"https:\/\/wnmp.zagan.pl\/index.php\/wp-json\/wp\/v2\/pages"}],"about":[{"href":"https:\/\/wnmp.zagan.pl\/index.php\/wp-json\/wp\/v2\/types\/page"}],"author":[{"embeddable":true,"href":"https:\/\/wnmp.zagan.pl\/index.php\/wp-json\/wp\/v2\/users\/3"}],"replies":[{"embeddable":true,"href":"https:\/\/wnmp.zagan.pl\/index.php\/wp-json\/wp\/v2\/comments?post=433"}],"version-history":[{"count":1,"href":"https:\/\/wnmp.zagan.pl\/index.php\/wp-json\/wp\/v2\/pages\/433\/revisions"}],"predecessor-version":[{"id":1374,"href":"https:\/\/wnmp.zagan.pl\/index.php\/wp-json\/wp\/v2\/pages\/433\/revisions\/1374"}],"wp:attachment":[{"href":"https:\/\/wnmp.zagan.pl\/index.php\/wp-json\/wp\/v2\/media?parent=433"}],"curies":[{"name":"wp","href":"https:\/\/api.w.org\/{rel}","templated":true}]}}