{"id":345,"date":"2022-09-03T22:41:35","date_gmt":"2022-09-03T20:41:35","guid":{"rendered":"https:\/\/ragakomputer.home.pl\/autoinstalator\/wordpress3\/index.php\/2022\/09\/03\/poradnictwo-rodzinne\/"},"modified":"2024-10-27T21:27:18","modified_gmt":"2024-10-27T20:27:18","slug":"poradnictwo-rodzinne","status":"publish","type":"page","link":"https:\/\/wnmp.zagan.pl\/index.php\/poradnictwo-rodzinne\/","title":{"rendered":"Poradnictwo rodzinne"},"content":{"rendered":"<p>\u00a0<\/p>\n<p>\u00a0<\/p>\n<p><span style=\"font-size: 14pt;\"><strong>Poradnictwo Rodzinne<\/strong>:<\/span><\/p>\n<p><span style=\"font-size: 14pt;\">czynne 3 sobota miesi\u0105ca w godz. 11.00-13.00<\/span><\/p>\n<p><span style=\"font-size: 14pt;\">p. Danuta Gom\u00f3\u0142ka<\/span><\/p>\n<p><span style=\"font-size: 14pt;\">tel. 510 398 304<\/span><\/p>\n<p><span style=\"font-size: 14pt;\">e-mail majeczkamajeczka@wp.pl<\/span><\/p>\n<p>\u00a0<\/p>\n","protected":false},"excerpt":{"rendered":"<p>\u00a0 \u00a0 Poradnictwo Rodzinne: czynne 3 sobota miesi\u0105ca w godz. 11.00-13.00 p. Danuta Gom\u00f3\u0142ka tel. 510 398 304 e-mail majeczkamajeczka@wp.pl \u00a0<\/p>\n","protected":false},"author":3,"featured_media":0,"parent":0,"menu_order":0,"comment_status":"open","ping_status":"closed","template":"","meta":{"footnotes":""},"class_list":["post-345","page","type-page","status-publish","hentry"],"_links":{"self":[{"href":"https:\/\/wnmp.zagan.pl\/index.php\/wp-json\/wp\/v2\/pages\/345","targetHints":{"allow":["GET"]}}],"collection":[{"href":"https:\/\/wnmp.zagan.pl\/index.php\/wp-json\/wp\/v2\/pages"}],"about":[{"href":"https:\/\/wnmp.zagan.pl\/index.php\/wp-json\/wp\/v2\/types\/page"}],"author":[{"embeddable":true,"href":"https:\/\/wnmp.zagan.pl\/index.php\/wp-json\/wp\/v2\/users\/3"}],"replies":[{"embeddable":true,"href":"https:\/\/wnmp.zagan.pl\/index.php\/wp-json\/wp\/v2\/comments?post=345"}],"version-history":[{"count":2,"href":"https:\/\/wnmp.zagan.pl\/index.php\/wp-json\/wp\/v2\/pages\/345\/revisions"}],"predecessor-version":[{"id":1238,"href":"https:\/\/wnmp.zagan.pl\/index.php\/wp-json\/wp\/v2\/pages\/345\/revisions\/1238"}],"wp:attachment":[{"href":"https:\/\/wnmp.zagan.pl\/index.php\/wp-json\/wp\/v2\/media?parent=345"}],"curies":[{"name":"wp","href":"https:\/\/api.w.org\/{rel}","templated":true}]}}